{"id":37,"date":"2024-02-27T17:51:51","date_gmt":"2024-02-27T16:51:51","guid":{"rendered":"http:\/\/nouvelleecole.club\/index.php\/home\/"},"modified":"2026-03-06T15:37:59","modified_gmt":"2026-03-06T14:37:59","slug":"home","status":"publish","type":"page","link":"https:\/\/nouvelleecole.club\/","title":{"rendered":""},"content":{"rendered":"\t\t<div data-elementor-type=\"wp-page\" data-elementor-id=\"37\" class=\"elementor elementor-37\" data-elementor-post-type=\"page\">\n\t\t\t\t<div class=\"elementor-element elementor-element-5293de6 e-flex e-con-boxed e-con e-parent\" data-id=\"5293de6\" data-element_type=\"container\" data-e-type=\"container\">\n\t\t\t\t\t<div class=\"e-con-inner\">\n\t\t\t\t<div class=\"elementor-element elementor-element-533178e elementor-widget elementor-widget-spacer\" data-id=\"533178e\" data-element_type=\"widget\" data-e-type=\"widget\" data-widget_type=\"spacer.default\">\n\t\t\t\t<div class=\"elementor-widget-container\">\n\t\t\t\t\t\t\t<div class=\"elementor-spacer\">\n\t\t\t<div class=\"elementor-spacer-inner\"><\/div>\n\t\t<\/div>\n\t\t\t\t\t\t<\/div>\n\t\t\t\t<\/div>\n\t\t\t\t\t<\/div>\n\t\t\t\t<\/div>\n\t\t<div class=\"elementor-element elementor-element-15b29b5 e-flex e-con-boxed e-con e-parent\" data-id=\"15b29b5\" data-element_type=\"container\" data-e-type=\"container\">\n\t\t\t\t\t<div class=\"e-con-inner\">\n\t\t<div class=\"elementor-element elementor-element-d89243f e-con-full e-flex e-con e-child\" data-id=\"d89243f\" data-element_type=\"container\" data-e-type=\"container\">\n\t\t<div class=\"elementor-element elementor-element-96bc25f e-con-full e-flex e-con e-child\" data-id=\"96bc25f\" data-element_type=\"container\" data-e-type=\"container\">\n\t\t\t\t<div class=\"elementor-element elementor-element-bbf9364 e-transform elementor-widget elementor-widget-heading\" data-id=\"bbf9364\" data-element_type=\"widget\" data-e-type=\"widget\" data-settings=\"{&quot;_transform_translateX_effect&quot;:{&quot;unit&quot;:&quot;px&quot;,&quot;size&quot;:0,&quot;sizes&quot;:[]},&quot;_transform_translateY_effect&quot;:{&quot;unit&quot;:&quot;px&quot;,&quot;size&quot;:0,&quot;sizes&quot;:[]},&quot;_transform_translateX_effect_tablet&quot;:{&quot;unit&quot;:&quot;px&quot;,&quot;size&quot;:&quot;&quot;,&quot;sizes&quot;:[]},&quot;_transform_translateX_effect_mobile&quot;:{&quot;unit&quot;:&quot;px&quot;,&quot;size&quot;:&quot;&quot;,&quot;sizes&quot;:[]},&quot;_transform_translateY_effect_tablet&quot;:{&quot;unit&quot;:&quot;px&quot;,&quot;size&quot;:&quot;&quot;,&quot;sizes&quot;:[]},&quot;_transform_translateY_effect_mobile&quot;:{&quot;unit&quot;:&quot;px&quot;,&quot;size&quot;:&quot;&quot;,&quot;sizes&quot;:[]}}\" data-widget_type=\"heading.default\">\n\t\t\t\t<div class=\"elementor-widget-container\">\n\t\t\t\t\t<h1 class=\"elementor-heading-title elementor-size-default\">Acc\u00e9dez aux contenus vid\u00e9os de La Nouvelle \u00c9cole <\/h1>\t\t\t\t<\/div>\n\t\t\t\t<\/div>\n\t\t\t\t<div class=\"elementor-element elementor-element-c227efb elementor-widget elementor-widget-spacer\" data-id=\"c227efb\" data-element_type=\"widget\" data-e-type=\"widget\" data-widget_type=\"spacer.default\">\n\t\t\t\t<div class=\"elementor-widget-container\">\n\t\t\t\t\t\t\t<div class=\"elementor-spacer\">\n\t\t\t<div class=\"elementor-spacer-inner\"><\/div>\n\t\t<\/div>\n\t\t\t\t\t\t<\/div>\n\t\t\t\t<\/div>\n\t\t\t\t<\/div>\n\t\t\t\t<\/div>\n\t\t\t\t<div class=\"elementor-element elementor-element-a58198e elementor-widget__width-initial e-transform e-transform e-transform elementor-widget elementor-widget-video\" data-id=\"a58198e\" data-element_type=\"widget\" data-e-type=\"widget\" data-settings=\"{&quot;video_type&quot;:&quot;hosted&quot;,&quot;_transform_translateX_effect&quot;:{&quot;unit&quot;:&quot;px&quot;,&quot;size&quot;:0,&quot;sizes&quot;:[]},&quot;_transform_scale_effect&quot;:{&quot;unit&quot;:&quot;px&quot;,&quot;size&quot;:0,&quot;sizes&quot;:[]},&quot;controls&quot;:&quot;yes&quot;,&quot;_transform_translateX_effect_tablet&quot;:{&quot;unit&quot;:&quot;px&quot;,&quot;size&quot;:&quot;&quot;,&quot;sizes&quot;:[]},&quot;_transform_translateX_effect_mobile&quot;:{&quot;unit&quot;:&quot;px&quot;,&quot;size&quot;:&quot;&quot;,&quot;sizes&quot;:[]},&quot;_transform_translateY_effect&quot;:{&quot;unit&quot;:&quot;px&quot;,&quot;size&quot;:&quot;&quot;,&quot;sizes&quot;:[]},&quot;_transform_translateY_effect_tablet&quot;:{&quot;unit&quot;:&quot;px&quot;,&quot;size&quot;:&quot;&quot;,&quot;sizes&quot;:[]},&quot;_transform_translateY_effect_mobile&quot;:{&quot;unit&quot;:&quot;px&quot;,&quot;size&quot;:&quot;&quot;,&quot;sizes&quot;:[]},&quot;_transform_scale_effect_tablet&quot;:{&quot;unit&quot;:&quot;px&quot;,&quot;size&quot;:&quot;&quot;,&quot;sizes&quot;:[]},&quot;_transform_scale_effect_mobile&quot;:{&quot;unit&quot;:&quot;px&quot;,&quot;size&quot;:&quot;&quot;,&quot;sizes&quot;:[]},&quot;_transform_skewX_effect&quot;:{&quot;unit&quot;:&quot;px&quot;,&quot;size&quot;:&quot;&quot;,&quot;sizes&quot;:[]},&quot;_transform_skewX_effect_tablet&quot;:{&quot;unit&quot;:&quot;deg&quot;,&quot;size&quot;:&quot;&quot;,&quot;sizes&quot;:[]},&quot;_transform_skewX_effect_mobile&quot;:{&quot;unit&quot;:&quot;deg&quot;,&quot;size&quot;:&quot;&quot;,&quot;sizes&quot;:[]},&quot;_transform_skewY_effect&quot;:{&quot;unit&quot;:&quot;px&quot;,&quot;size&quot;:&quot;&quot;,&quot;sizes&quot;:[]},&quot;_transform_skewY_effect_tablet&quot;:{&quot;unit&quot;:&quot;deg&quot;,&quot;size&quot;:&quot;&quot;,&quot;sizes&quot;:[]},&quot;_transform_skewY_effect_mobile&quot;:{&quot;unit&quot;:&quot;deg&quot;,&quot;size&quot;:&quot;&quot;,&quot;sizes&quot;:[]}}\" data-widget_type=\"video.default\">\n\t\t\t\t<div class=\"elementor-widget-container\">\n\t\t\t\t\t\t\t<div class=\"e-hosted-video elementor-wrapper elementor-open-inline\">\n\t\t\t\t\t<video class=\"elementor-video\" src=\"https:\/\/nouvelleecole.club\/wp-content\/uploads\/2024\/03\/LECLUBBv2.mp4\" controls=\"\" preload=\"metadata\" controlsList=\"nodownload\" poster=\"https:\/\/nouvelleecole.club\/wp-content\/uploads\/2024\/03\/Thumbnail-club.png\"><\/video>\n\t\t\t\t<\/div>\n\t\t\t\t\t\t<\/div>\n\t\t\t\t<\/div>\n\t\t\t\t\t<\/div>\n\t\t\t\t<\/div>\n\t\t<div class=\"elementor-element elementor-element-458b5cd e-flex e-con-boxed e-con e-parent\" data-id=\"458b5cd\" data-element_type=\"container\" data-e-type=\"container\">\n\t\t\t\t\t<div class=\"e-con-inner\">\n\t\t\t\t<div class=\"elementor-element elementor-element-653547d elementor-widget elementor-widget-spacer\" data-id=\"653547d\" data-element_type=\"widget\" data-e-type=\"widget\" data-widget_type=\"spacer.default\">\n\t\t\t\t<div class=\"elementor-widget-container\">\n\t\t\t\t\t\t\t<div class=\"elementor-spacer\">\n\t\t\t<div class=\"elementor-spacer-inner\"><\/div>\n\t\t<\/div>\n\t\t\t\t\t\t<\/div>\n\t\t\t\t<\/div>\n\t\t\t\t\t<\/div>\n\t\t\t\t<\/div>\n\t\t<div class=\"elementor-element elementor-element-d88f8f1 e-flex e-con-boxed e-con e-parent\" data-id=\"d88f8f1\" data-element_type=\"container\" data-e-type=\"container\" data-settings=\"{&quot;background_background&quot;:&quot;classic&quot;}\">\n\t\t\t\t\t<div class=\"e-con-inner\">\n\t\t\t\t<div class=\"elementor-element elementor-element-8d4558f elementor-widget elementor-widget-spacer\" data-id=\"8d4558f\" data-element_type=\"widget\" data-e-type=\"widget\" data-widget_type=\"spacer.default\">\n\t\t\t\t<div class=\"elementor-widget-container\">\n\t\t\t\t\t\t\t<div class=\"elementor-spacer\">\n\t\t\t<div class=\"elementor-spacer-inner\"><\/div>\n\t\t<\/div>\n\t\t\t\t\t\t<\/div>\n\t\t\t\t<\/div>\n\t\t\t\t<div class=\"elementor-element elementor-element-073f231 elementor-widget elementor-widget-heading\" data-id=\"073f231\" data-element_type=\"widget\" data-e-type=\"widget\" data-widget_type=\"heading.default\">\n\t\t\t\t<div class=\"elementor-widget-container\">\n\t\t\t\t\t<h2 class=\"elementor-heading-title elementor-size-default\">Le contenu du club<\/h2>\t\t\t\t<\/div>\n\t\t\t\t<\/div>\n\t\t<div class=\"elementor-element elementor-element-4373752 e-con-full e-flex e-con e-child\" data-id=\"4373752\" data-element_type=\"container\" data-e-type=\"container\">\n\t\t\t\t<div class=\"elementor-element elementor-element-f93bced elementor-widget-tablet__width-initial elementor-widget-mobile__width-inherit elementor-widget__width-initial elementor-position-left elementor-vertical-align-middle elementor-widget elementor-widget-image-box\" data-id=\"f93bced\" data-element_type=\"widget\" data-e-type=\"widget\" data-widget_type=\"image-box.default\">\n\t\t\t\t<div class=\"elementor-widget-container\">\n\t\t\t\t\t<div class=\"elementor-image-box-wrapper\"><figure class=\"elementor-image-box-img\"><img fetchpriority=\"high\" decoding=\"async\" width=\"768\" height=\"432\" src=\"https:\/\/nouvelleecole.club\/wp-content\/uploads\/2024\/03\/Videos-768x432.png\" class=\"elementor-animation-grow attachment-medium_large size-medium_large wp-image-761\" alt=\"\" srcset=\"https:\/\/nouvelleecole.club\/wp-content\/uploads\/2024\/03\/Videos-768x432.png 768w, https:\/\/nouvelleecole.club\/wp-content\/uploads\/2024\/03\/Videos-300x169.png 300w, https:\/\/nouvelleecole.club\/wp-content\/uploads\/2024\/03\/Videos-1024x576.png 1024w, https:\/\/nouvelleecole.club\/wp-content\/uploads\/2024\/03\/Videos-1536x864.png 1536w, https:\/\/nouvelleecole.club\/wp-content\/uploads\/2024\/03\/Videos.png 1920w\" sizes=\"(max-width: 768px) 100vw, 768px\" \/><\/figure><div class=\"elementor-image-box-content\"><h4 class=\"elementor-image-box-title\">Des contenus Vid\u00e9o Exclusifs sur Fusion 360 et SketchUp, l'impression 3D et bien plus<\/h4><p class=\"elementor-image-box-description\">Chez \"La Nouvelle \u00c9cole le Club\", nous sommes fiers de proposer une biblioth\u00e8que enrichissante de contenus vid\u00e9o, sp\u00e9cialement con\u00e7us pour nos \u00e9l\u00e8ves d\u00e9sireux de ma\u00eetriser Fusion 360 et SketchUp. Gr\u00e2ce \u00e0 ces ressources, vous plongerez au c\u0153ur de la conception 3D, apprendrez \u00e0 votre rythme et d\u00e9velopperez des comp\u00e9tences pratiques qui feront de vous un expert dans votre domaine. <br><br>Nos vid\u00e9os sont pens\u00e9es pour tous les niveaux, des bases fondamentales aux techniques avanc\u00e9es, et sont anim\u00e9es par des formateurs passionn\u00e9s et exp\u00e9riment\u00e9s. Rejoignez notre communaut\u00e9 d'apprenants et commencez \u00e0 transformer vos id\u00e9es en r\u00e9alit\u00e9 gr\u00e2ce \u00e0 notre contenu vid\u00e9o immersif et instructif.<\/p><\/div><\/div>\t\t\t\t<\/div>\n\t\t\t\t<\/div>\n\t\t\t\t<\/div>\n\t\t<div class=\"elementor-element elementor-element-b06e04e e-con-full e-flex e-con e-child\" data-id=\"b06e04e\" data-element_type=\"container\" data-e-type=\"container\">\n\t\t\t\t<div class=\"elementor-element elementor-element-a59179f elementor-widget elementor-widget-spacer\" data-id=\"a59179f\" data-element_type=\"widget\" data-e-type=\"widget\" data-widget_type=\"spacer.default\">\n\t\t\t\t<div class=\"elementor-widget-container\">\n\t\t\t\t\t\t\t<div class=\"elementor-spacer\">\n\t\t\t<div class=\"elementor-spacer-inner\"><\/div>\n\t\t<\/div>\n\t\t\t\t\t\t<\/div>\n\t\t\t\t<\/div>\n\t\t\t\t<\/div>\n\t\t\t\t\t<\/div>\n\t\t\t\t<\/div>\n\t\t<div class=\"elementor-element elementor-element-1995d02 e-flex e-con-boxed e-con e-parent\" data-id=\"1995d02\" data-element_type=\"container\" data-e-type=\"container\">\n\t\t\t\t\t<div class=\"e-con-inner\">\n\t\t<div class=\"elementor-element elementor-element-8b31ed9 e-con-full e-flex e-con e-child\" data-id=\"8b31ed9\" data-element_type=\"container\" data-e-type=\"container\">\n\t\t\t\t<div class=\"elementor-element elementor-element-fc5cc79 elementor-widget-tablet__width-initial elementor-widget-mobile__width-inherit elementor-widget__width-initial elementor-position-right elementor-vertical-align-middle elementor-widget elementor-widget-image-box\" data-id=\"fc5cc79\" data-element_type=\"widget\" data-e-type=\"widget\" data-widget_type=\"image-box.default\">\n\t\t\t\t<div class=\"elementor-widget-container\">\n\t\t\t\t\t<div class=\"elementor-image-box-wrapper\"><figure class=\"elementor-image-box-img\"><img decoding=\"async\" width=\"768\" height=\"401\" src=\"https:\/\/nouvelleecole.club\/wp-content\/uploads\/2024\/03\/eb41a8dc1322478114455a26e37c17fb4af43017-768x401.png\" class=\"elementor-animation-grow attachment-medium_large size-medium_large wp-image-763\" alt=\"\" srcset=\"https:\/\/nouvelleecole.club\/wp-content\/uploads\/2024\/03\/eb41a8dc1322478114455a26e37c17fb4af43017-768x401.png 768w, https:\/\/nouvelleecole.club\/wp-content\/uploads\/2024\/03\/eb41a8dc1322478114455a26e37c17fb4af43017-300x157.png 300w, https:\/\/nouvelleecole.club\/wp-content\/uploads\/2024\/03\/eb41a8dc1322478114455a26e37c17fb4af43017-1024x535.png 1024w, https:\/\/nouvelleecole.club\/wp-content\/uploads\/2024\/03\/eb41a8dc1322478114455a26e37c17fb4af43017-1536x803.png 1536w, https:\/\/nouvelleecole.club\/wp-content\/uploads\/2024\/03\/eb41a8dc1322478114455a26e37c17fb4af43017.png 1910w\" sizes=\"(max-width: 768px) 100vw, 768px\" \/><\/figure><div class=\"elementor-image-box-content\"><h4 class=\"elementor-image-box-title\">Des Supports de Cours D\u00e9di\u00e9s pour nos Formations Sp\u00e9cialis\u00e9es<\/h4><p class=\"elementor-image-box-description\">Nous comprenons l'importance d'un accompagnement de qualit\u00e9 dans le parcours d'apprentissage de nos \u00e9l\u00e8ves. C'est pourquoi, pour chacune de nos formations phares nous mettons \u00e0 disposition des supports de cours complets. <br><br>Ces ressources sont con\u00e7ues pour vous guider pas \u00e0 pas dans votre sp\u00e9cialisation, enrichir votre compr\u00e9hension th\u00e9orique et pratique, et vous fournir les outils n\u00e9cessaires pour exceller. Chaque support de cours est soigneusement \u00e9labor\u00e9 pour r\u00e9pondre aux besoins sp\u00e9cifiques de votre parcours, vous permettant d\u2019acqu\u00e9rir une ma\u00eetrise approfondie et de r\u00e9aliser vos projets.<\/p><\/div><\/div>\t\t\t\t<\/div>\n\t\t\t\t<\/div>\n\t\t\t\t<\/div>\n\t\t\t\t\t<\/div>\n\t\t\t\t<\/div>\n\t\t<div class=\"elementor-element elementor-element-4441e85 e-flex e-con-boxed e-con e-parent\" data-id=\"4441e85\" data-element_type=\"container\" data-e-type=\"container\">\n\t\t\t\t\t<div class=\"e-con-inner\">\n\t\t\t\t<div class=\"elementor-element elementor-element-b39475b elementor-widget elementor-widget-spacer\" data-id=\"b39475b\" data-element_type=\"widget\" data-e-type=\"widget\" data-widget_type=\"spacer.default\">\n\t\t\t\t<div class=\"elementor-widget-container\">\n\t\t\t\t\t\t\t<div class=\"elementor-spacer\">\n\t\t\t<div class=\"elementor-spacer-inner\"><\/div>\n\t\t<\/div>\n\t\t\t\t\t\t<\/div>\n\t\t\t\t<\/div>\n\t\t\t\t\t<\/div>\n\t\t\t\t<\/div>\n\t\t<div class=\"elementor-element elementor-element-515562b e-flex e-con-boxed e-con e-parent\" data-id=\"515562b\" data-element_type=\"container\" data-e-type=\"container\">\n\t\t\t\t\t<div class=\"e-con-inner\">\n\t\t\t\t\t<\/div>\n\t\t\t\t<\/div>\n\t\t<div class=\"elementor-element elementor-element-6be92a87 e-flex e-con-boxed e-con e-parent\" data-id=\"6be92a87\" data-element_type=\"container\" data-e-type=\"container\" data-settings=\"{&quot;background_background&quot;:&quot;classic&quot;}\">\n\t\t\t\t\t<div class=\"e-con-inner\">\n\t\t<div class=\"elementor-element elementor-element-f6ebc2a e-con-full e-flex e-con e-child\" data-id=\"f6ebc2a\" data-element_type=\"container\" data-e-type=\"container\">\n\t\t\t\t<div class=\"elementor-element elementor-element-6a31e75d elementor-widget elementor-widget-text-editor\" data-id=\"6a31e75d\" data-element_type=\"widget\" data-e-type=\"widget\" data-widget_type=\"text-editor.default\">\n\t\t\t\t<div class=\"elementor-widget-container\">\n\t\t\t\t\t\t\t\t\t<p>Abonnez vous \u00e0 la Newsletter<\/p>\t\t\t\t\t\t\t\t<\/div>\n\t\t\t\t<\/div>\n\t\t\t\t<div class=\"elementor-element elementor-element-5f04c7b elementor-widget elementor-widget-text-editor\" data-id=\"5f04c7b\" data-element_type=\"widget\" data-e-type=\"widget\" data-widget_type=\"text-editor.default\">\n\t\t\t\t<div class=\"elementor-widget-container\">\n\t\t\t\t\t\t\t\t\t<p><span style=\"color: var( --e-global-color-text ); font-family: var( --e-global-typography-text-font-family ), Sans-serif; font-size: var( --e-global-typography-text-font-size ); font-style: var( --e-global-typography-text-font-style ); font-weight: var( --e-global-typography-text-font-weight ); letter-spacing: var( --e-global-typography-text-letter-spacing ); text-transform: var( --e-global-typography-text-text-transform ); text-align: var(--text-align);\">Rejoignez la Newsletter du club de La Nouvelle \u00c9cole<br \/><\/span><span style=\"color: var( --e-global-color-text ); font-family: var( --e-global-typography-text-font-family ), Sans-serif; font-size: var( --e-global-typography-text-font-size ); font-style: var( --e-global-typography-text-font-style ); font-weight: var( --e-global-typography-text-font-weight ); letter-spacing: var( --e-global-typography-text-letter-spacing ); text-transform: var( --e-global-typography-text-text-transform ); text-align: var(--text-align);\">pour\u00a0<\/span><span style=\"color: var( --e-global-color-text ); font-family: var( --e-global-typography-text-font-family ), Sans-serif; font-size: var( --e-global-typography-text-font-size ); font-style: var( --e-global-typography-text-font-style ); font-weight: var( --e-global-typography-text-font-weight ); letter-spacing: var( --e-global-typography-text-letter-spacing ); text-transform: var( --e-global-typography-text-text-transform ); text-align: var(--text-align);\">recevoir des nouvelles autour de l&rsquo;impression 3D !\u00a0<\/span><\/p>\t\t\t\t\t\t\t\t<\/div>\n\t\t\t\t<\/div>\n\t\t<div class=\"elementor-element elementor-element-df95ea8 e-con-full e-flex e-con e-child\" data-id=\"df95ea8\" data-element_type=\"container\" data-e-type=\"container\">\n\t\t\t\t<div class=\"elementor-element elementor-element-1038686d elementor-button-align-stretch elementor-widget elementor-widget-form\" data-id=\"1038686d\" data-element_type=\"widget\" data-e-type=\"widget\" data-settings=\"{&quot;button_width&quot;:&quot;25&quot;,&quot;step_next_label&quot;:&quot;Next&quot;,&quot;step_previous_label&quot;:&quot;Previous&quot;,&quot;step_type&quot;:&quot;number_text&quot;,&quot;step_icon_shape&quot;:&quot;circle&quot;}\" data-widget_type=\"form.default\">\n\t\t\t\t<div class=\"elementor-widget-container\">\n\t\t\t\t\t\t\t<form class=\"elementor-form\" method=\"post\" name=\"New Form\">\n\t\t\t<input type=\"hidden\" name=\"post_id\" value=\"37\"\/>\n\t\t\t<input type=\"hidden\" name=\"form_id\" value=\"1038686d\"\/>\n\t\t\t<input type=\"hidden\" name=\"referer_title\" value=\"\" \/>\n\n\t\t\t\t\t\t\t<input type=\"hidden\" name=\"queried_id\" value=\"37\"\/>\n\t\t\t\n\t\t\t<div class=\"elementor-form-fields-wrapper elementor-labels-above\">\n\t\t\t\t\t\t\t\t<div class=\"elementor-field-type-text elementor-field-group elementor-column elementor-field-group-name elementor-col-100 elementor-field-required\">\n\t\t\t\t\t\t\t\t\t\t\t\t\t<input size=\"1\" type=\"text\" name=\"form_fields[name]\" id=\"form-field-name\" class=\"elementor-field elementor-size-sm  elementor-field-textual\" placeholder=\"Pr\u00e9nom\" required=\"required\">\n\t\t\t\t\t\t\t\t\t\t\t<\/div>\n\t\t\t\t\t\t\t\t<div class=\"elementor-field-type-email elementor-field-group elementor-column elementor-field-group-email elementor-col-100 elementor-field-required\">\n\t\t\t\t\t\t\t\t\t\t\t\t\t<input size=\"1\" type=\"email\" name=\"form_fields[email]\" id=\"form-field-email\" class=\"elementor-field elementor-size-sm  elementor-field-textual\" placeholder=\"Email\" required=\"required\">\n\t\t\t\t\t\t\t\t\t\t\t<\/div>\n\t\t\t\t\t\t\t\t<div class=\"elementor-field-group elementor-column elementor-field-type-submit elementor-col-25 e-form__buttons\">\n\t\t\t\t\t<button class=\"elementor-button elementor-size-sm\" type=\"submit\">\n\t\t\t\t\t\t<span class=\"elementor-button-content-wrapper\">\n\t\t\t\t\t\t\t\t\t\t\t\t\t\t\t<span class=\"elementor-button-icon\">\n\t\t\t\t\t\t\t\t\t<svg aria-hidden=\"true\" class=\"e-font-icon-svg e-far-bell\" viewBox=\"0 0 448 512\" xmlns=\"http:\/\/www.w3.org\/2000\/svg\"><path d=\"M439.39 362.29c-19.32-20.76-55.47-51.99-55.47-154.29 0-77.7-54.48-139.9-127.94-155.16V32c0-17.67-14.32-32-31.98-32s-31.98 14.33-31.98 32v20.84C118.56 68.1 64.08 130.3 64.08 208c0 102.3-36.15 133.53-55.47 154.29-6 6.45-8.66 14.16-8.61 21.71.11 16.4 12.98 32 32.1 32h383.8c19.12 0 32-15.6 32.1-32 .05-7.55-2.61-15.27-8.61-21.71zM67.53 368c21.22-27.97 44.42-74.33 44.53-159.42 0-.2-.06-.38-.06-.58 0-61.86 50.14-112 112-112s112 50.14 112 112c0 .2-.06.38-.06.58.11 85.1 23.31 131.46 44.53 159.42H67.53zM224 512c35.32 0 63.97-28.65 63.97-64H160.03c0 35.35 28.65 64 63.97 64z\"><\/path><\/svg>\t\t\t\t\t\t\t\t\t\t\t\t\t\t\t\t\t<\/span>\n\t\t\t\t\t\t\t\t\t\t\t\t\t\t\t\t\t\t\t\t\t\t<span class=\"elementor-button-text\">S'inscrire <\/span>\n\t\t\t\t\t\t\t\t\t\t\t\t\t<\/span>\n\t\t\t\t\t<\/button>\n\t\t\t\t<\/div>\n\t\t\t<\/div>\n\t\t<\/form>\n\t\t\t\t\t\t<\/div>\n\t\t\t\t<\/div>\n\t\t\t\t<\/div>\n\t\t\t\t<\/div>\n\t\t\t\t<div class=\"elementor-element elementor-element-0bb252f elementor-widget__width-initial elementor-widget elementor-widget-text-editor\" data-id=\"0bb252f\" data-element_type=\"widget\" data-e-type=\"widget\" data-widget_type=\"text-editor.default\">\n\t\t\t\t<div class=\"elementor-widget-container\">\n\t\t\t\t\t\t\t\t\t<p>En cas de difficult\u00e9s, merci de contacter le service d&rsquo;assistance technique &amp; p\u00e9dagogique<\/p><p>\u00e0 l&rsquo;adresse email : <span style=\"font-family: var( --e-global-typography-text-font-family ), Sans-serif; font-size: var( --e-global-typography-text-font-size ); font-style: var( --e-global-typography-text-font-style ); font-weight: var( --e-global-typography-text-font-weight ); letter-spacing: var( --e-global-typography-text-letter-spacing ); text-transform: var( --e-global-typography-text-text-transform ); text-align: var(--text-align);\"><u>contact@nouvelleecole.fr\u00a0<br \/><\/u><\/span>ou au num\u00e9ro : <span style=\"text-decoration: underline;\">07 57 80 58 47<\/span><\/p>\t\t\t\t\t\t\t\t<\/div>\n\t\t\t\t<\/div>\n\t\t\t\t\t<\/div>\n\t\t\t\t<\/div>\n\t\t\t\t<\/div>\n\t\t","protected":false},"excerpt":{"rendered":"<p>Acc\u00e9dez aux contenus vid\u00e9os de La Nouvelle \u00c9cole https:\/\/nouvelleecole.club\/wp-content\/uploads\/2024\/03\/LECLUBBv2.mp4 Le contenu du club Des contenus Vid\u00e9o Exclusifs sur Fusion 360 et SketchUp, l&rsquo;impression 3D et bien plus Chez \u00ab\u00a0La Nouvelle \u00c9cole le Club\u00a0\u00bb, nous sommes fiers de proposer une biblioth\u00e8que enrichissante de contenus vid\u00e9o, sp\u00e9cialement con\u00e7us pour nos \u00e9l\u00e8ves d\u00e9sireux de ma\u00eetriser Fusion 360 et [&hellip;]<\/p>\n","protected":false},"author":1,"featured_media":0,"parent":0,"menu_order":1,"comment_status":"closed","ping_status":"closed","template":"","meta":{"footnotes":""},"class_list":["post-37","page","type-page","status-publish","hentry"],"_links":{"self":[{"href":"https:\/\/nouvelleecole.club\/index.php\/wp-json\/wp\/v2\/pages\/37","targetHints":{"allow":["GET"]}}],"collection":[{"href":"https:\/\/nouvelleecole.club\/index.php\/wp-json\/wp\/v2\/pages"}],"about":[{"href":"https:\/\/nouvelleecole.club\/index.php\/wp-json\/wp\/v2\/types\/page"}],"author":[{"embeddable":true,"href":"https:\/\/nouvelleecole.club\/index.php\/wp-json\/wp\/v2\/users\/1"}],"replies":[{"embeddable":true,"href":"https:\/\/nouvelleecole.club\/index.php\/wp-json\/wp\/v2\/comments?post=37"}],"version-history":[{"count":214,"href":"https:\/\/nouvelleecole.club\/index.php\/wp-json\/wp\/v2\/pages\/37\/revisions"}],"predecessor-version":[{"id":6748,"href":"https:\/\/nouvelleecole.club\/index.php\/wp-json\/wp\/v2\/pages\/37\/revisions\/6748"}],"wp:attachment":[{"href":"https:\/\/nouvelleecole.club\/index.php\/wp-json\/wp\/v2\/media?parent=37"}],"curies":[{"name":"wp","href":"https:\/\/api.w.org\/{rel}","templated":true}]}}